{"id":37,"date":"2023-03-08T20:38:09","date_gmt":"2023-03-08T20:38:09","guid":{"rendered":"http:\/\/editorialbeatrix.com\/index.php\/about\/"},"modified":"2023-03-08T22:30:43","modified_gmt":"2023-03-08T22:30:43","slug":"about","status":"publish","type":"page","link":"https:\/\/editorialbeatrix.com\/index.php\/about\/","title":{"rendered":"Instrucci\u00f3n para autores"},"content":{"rendered":"\t\t<div data-elementor-type=\"wp-page\" data-elementor-id=\"37\" class=\"elementor elementor-37\" data-elementor-post-type=\"page\">\n\t\t\t\t\t\t<section class=\"elementor-section elementor-top-section elementor-element elementor-element-e2ab118 elementor-section-full_width elementor-section-height-min-height elementor-section-items-stretch elementor-section-content-middle elementor-reverse-tablet elementor-reverse-mobile elementor-section-height-default\" data-id=\"e2ab118\" data-element_type=\"section\" data-e-type=\"section\">\n\t\t\t\t\t\t<div class=\"elementor-container elementor-column-gap-no\">\n\t\t\t\t\t<div class=\"elementor-column elementor-col-100 elementor-top-column elementor-element elementor-element-65942c07\" data-id=\"65942c07\" data-element_type=\"column\" data-e-type=\"column\">\n\t\t\t<div class=\"elementor-widget-wrap elementor-element-populated\">\n\t\t\t\t\t\t<div class=\"elementor-element elementor-element-0fb40e0 elementor-widget elementor-widget-spacer\" data-id=\"0fb40e0\" data-element_type=\"widget\" data-e-type=\"widget\" data-widget_type=\"spacer.default\">\n\t\t\t\t<div class=\"elementor-widget-container\">\n\t\t\t\t\t\t\t<div class=\"elementor-spacer\">\n\t\t\t<div class=\"elementor-spacer-inner\"><\/div>\n\t\t<\/div>\n\t\t\t\t\t\t<\/div>\n\t\t\t\t<\/div>\n\t\t\t\t<div class=\"elementor-element elementor-element-9d6774b elementor-icon-list--layout-traditional elementor-list-item-link-full_width elementor-widget elementor-widget-icon-list\" data-id=\"9d6774b\" data-element_type=\"widget\" data-e-type=\"widget\" data-widget_type=\"icon-list.default\">\n\t\t\t\t<div class=\"elementor-widget-container\">\n\t\t\t\t\t\t\t<ul class=\"elementor-icon-list-items\">\n\t\t\t\t\t\t\t<li class=\"elementor-icon-list-item\">\n\t\t\t\t\t\t\t\t\t\t\t<a href=\"https:\/\/editorialbeatrix.com\/\">\n\n\t\t\t\t\t\t\t\t\t\t\t\t<span class=\"elementor-icon-list-icon\">\n\t\t\t\t\t\t\t<i aria-hidden=\"true\" class=\"fas fa-angle-left\"><\/i>\t\t\t\t\t\t<\/span>\n\t\t\t\t\t\t\t\t\t\t<span class=\"elementor-icon-list-text\">Volver al inicio<\/span>\n\t\t\t\t\t\t\t\t\t\t\t<\/a>\n\t\t\t\t\t\t\t\t\t<\/li>\n\t\t\t\t\t\t<\/ul>\n\t\t\t\t\t\t<\/div>\n\t\t\t\t<\/div>\n\t\t\t\t<div class=\"elementor-element elementor-element-f973dfd elementor-widget-divider--view-line elementor-widget elementor-widget-divider\" data-id=\"f973dfd\" data-element_type=\"widget\" data-e-type=\"widget\" data-widget_type=\"divider.default\">\n\t\t\t\t<div class=\"elementor-widget-container\">\n\t\t\t\t\t\t\t<div class=\"elementor-divider\">\n\t\t\t<span class=\"elementor-divider-separator\">\n\t\t\t\t\t\t<\/span>\n\t\t<\/div>\n\t\t\t\t\t\t<\/div>\n\t\t\t\t<\/div>\n\t\t\t\t<div class=\"elementor-element elementor-element-6758b2dd elementor-widget elementor-widget-heading\" data-id=\"6758b2dd\" data-element_type=\"widget\" data-e-type=\"widget\" data-widget_type=\"heading.default\">\n\t\t\t\t<div class=\"elementor-widget-container\">\n\t\t\t\t\t<h1 class=\"elementor-heading-title elementor-size-default\">Instrucci\u00f3n para los autores<\/h1>\t\t\t\t<\/div>\n\t\t\t\t<\/div>\n\t\t\t\t<div class=\"elementor-element elementor-element-826cd71 elementor-widget elementor-widget-text-editor\" data-id=\"826cd71\" data-element_type=\"widget\" data-e-type=\"widget\" data-widget_type=\"text-editor.default\">\n\t\t\t\t<div class=\"elementor-widget-container\">\n\t\t\t\t\t\t\t\t\t<p class=\"p2\"><span class=\"s1\"><b>Misi\u00f3n de Beatrix<\/b><\/span><\/p><p class=\"p2\"><span class=\"s1\"> La editorial Beatrix se ha dado la misi\u00f3n de difundir masivamente la<span class=\"Apple-converted-space\">\u00a0 <\/span>producci\u00f3n escrita acad\u00e9mica de tem\u00e1ticas relacionadas con las Ciencias Sociales en general y, espec\u00edficamente, con el Trabajo Social, mediante la publicaci\u00f3n de escritos in\u00e9ditos u originales (investigaciones, tesis, informes y otros) preferentemente en formato digital y, en menor medida, en formato impreso tradicional.<\/span><\/p><p class=\"p2\"><span class=\"s1\"><b>Qui\u00e9nes pueden publicar en Beatrix<\/b><\/span><\/p><p class=\"p2\"><span class=\"s1\"> Pueden publicar sus producciones acad\u00e9micas todos los colegas investigadores y docentes relacionados con el \u00e1rea tem\u00e1tica mencionada, de las regiones de Argentina, Am\u00e9rica Latina y el Caribe, Brasil y Espa\u00f1a.<\/span><\/p><p class=\"p2\"><span class=\"s1\"><b>Formato de las publicaciones<\/b><\/span><\/p><p class=\"p2\"><span class=\"s1\"> Beatrix publica novedades en formato monogr\u00e1fico, es decir, libro (obra con una extensi\u00f3n igual o superior a 50 p\u00e1ginas y cuyo contenido<span class=\"Apple-converted-space\">\u00a0 <\/span>suele hallarse dividido en secciones o cap\u00edtulos).<span class=\"Apple-converted-space\">\u00a0 <\/span>En cuanto a los aspectos materiales de la edici\u00f3n se prefiere el formato digital.<\/span><\/p><p class=\"p2\"><span class=\"s1\"><b>Contenidos<\/b><\/span><\/p><p class=\"p2\"><span class=\"s1\">Ciencias Sociales, Trabajo Social en general, con grupos, familia, Terapia familiar, estudios de caso y todo otro tema tocante al \u00e1mbito de competencia de los trabajadores sociales, experiencias profesionales, metodolog\u00edas de abordaje de lo social, resultados de investigaciones. Los temas o campos pueden ser los vinculados a la salud mental, las adicciones, educaci\u00f3n, poder judicial, otros.<\/span><\/p><p class=\"p2\"><span class=\"s1\"><b>Procedimiento de presentaci\u00f3n de borradores<\/b><\/span><\/p><p class=\"p2\"><span class=\"s1\"> El borrador de la obra ser\u00e1 presentado a la editorial Beatrix v\u00eda correo electr\u00f3nico, adjunto a un formulario donde consten los siguentes datos:<\/span><\/p><ol class=\"ol1\"><li class=\"li2\"><span class=\"s1\">TITULO DE LA OBRA:<\/span><\/li><li class=\"li2\"><span class=\"s1\">NOMBRE DEL PRIMER AUTOR:<\/span><\/li><li class=\"li2\"><span class=\"s1\">NOMBRE DE LOS COAUTORES, en el orden en que<span class=\"Apple-converted-space\">\u00a0 <\/span>aparecer\u00e1n en la portada (en el caso de las compilaciones de cap\u00edtulos de distinta autor\u00eda o de m\u00e1s de 3 autores, la obra ser\u00e1 catalogada por el t\u00edtulo).<\/span><\/li><li class=\"li2\"><span class=\"s1\">PALABRAS CLAVE que representen el contenido:<\/span><\/li><li class=\"li2\"><span class=\"s1\">DISCIPLINAS QUE CONFLUYEN en la obra:<\/span><\/li><li class=\"li2\"><span class=\"s1\">Breve rese\u00f1a sobre los autores (t\u00edtulos, trayectoria acad\u00e9mica, lugar de trabajo, correo\/redes sociales de contacto).<\/span><\/li><\/ol><p class=\"p2\"><span class=\"s1\"><b>Proceso de edici\u00f3n<\/b><\/span><\/p><p class=\"p5\"><span class=\"s1\"> El proceso de edici\u00f3n conlleva diversas etapas cuya planificaci\u00f3n se pactar\u00e1 con los interesados luego de la primera revisi\u00f3n del<span class=\"Apple-converted-space\">\u00a0 <\/span>borrador. La revisi\u00f3n incluye observaciones sobre aspectos tipogr\u00e1ficos, de redacci\u00f3n y de formato. Las modificaciones del borrador se realizar\u00e1n de manera<span class=\"Apple-converted-space\">\u00a0 <\/span>dial\u00f3gica con los<span class=\"Apple-converted-space\">\u00a0 <\/span>autores. <\/span><span class=\"s2\">Una vez concluido el proceso de edici\u00f3n se proceder\u00e1 a la instalaci\u00f3n de la obra en el sitio de la editorial para su venta al p\u00fablico.<\/span><\/p><p class=\"p7\"><span class=\"s1\"><b>Formato recomendado:<\/b><\/span><\/p><ul class=\"ul1\"><li class=\"li7\"><span class=\"s1\">Divisi\u00f3n de la obra en secciones o cap\u00edtulos<\/span><\/li><li class=\"li7\"><span class=\"s1\">Cap\u00edtulos subdivididos mediante subt\u00edtulos<\/span><\/li><li class=\"li7\"><span class=\"s1\">Indice que refleje esa estructura<\/span><\/li><\/ul><ul class=\"ul1\"><li class=\"li7\"><span class=\"s1\">Tama\u00f1o de hoja A5, con m\u00e1rgenes de 2 cm (izquierdo y superior) y de 1,5 cm (derecho e inferior).<\/span><\/li><li class=\"li7\"><span class=\"s1\">Tama\u00f1o de letra Arial 11; interlineado 1,15; separaci\u00f3n de p\u00e1rrafos de un espacio.<\/span><\/li><li class=\"li7\"><span class=\"s1\">Sangr\u00eda al inicio del p\u00e1rrafo.<\/span><\/li><li class=\"li7\"><span class=\"s1\">T\u00edtulos y subt\u00edtulos en negrita. Evitar el uso incorrecto o abusivo de may\u00fasculas en sustantivos comunes. Evitar el subrayado<\/span><\/li><li class=\"li7\"><span class=\"s1\">Notas al pie de p\u00e1gina en Arial 10<\/span><\/li><li class=\"li7\"><span class=\"s1\">Paginaci\u00f3n marcada en margen superior derecho<\/span><\/li><li class=\"li8\"><i><\/i><span class=\"s1\"><i>Los m\u00e1rgenes superiores, o cabeceras, podr\u00e1n contener los datos de t\u00edtulo (en p\u00e1gina impar)<span class=\"Apple-converted-space\">\u00a0 <\/span>y autores (en p\u00e1gina par)<\/i><\/span><\/li><li class=\"li7\"><span class=\"s4\">E<\/span><span class=\"s1\">vitar el uso de negritas en el texto<\/span><\/li><li class=\"li7\"><span class=\"s1\">Citas textuales, respetando las Normas APA<\/span><\/li><li class=\"li7\"><span class=\"s1\">Referencias bibliogr\u00e1ficas, respetando las Normas APA<\/span><\/li><li class=\"li8\"><span class=\"s5\">Todas<\/span><span class=\"s6\">l as abreviaturas deben llevar un punto correctamente colo<\/span><span class=\"s7\">cado: M.\u00aa, n.\u00ba, 1.\u00aa,<\/span><span class=\"s8\">etc.<\/span><\/li><\/ul>\t\t\t\t\t\t\t\t<\/div>\n\t\t\t\t<\/div>\n\t\t\t\t<div class=\"elementor-element elementor-element-69fee46 elementor-widget elementor-widget-spacer\" data-id=\"69fee46\" data-element_type=\"widget\" data-e-type=\"widget\" data-widget_type=\"spacer.default\">\n\t\t\t\t<div class=\"elementor-widget-container\">\n\t\t\t\t\t\t\t<div class=\"elementor-spacer\">\n\t\t\t<div class=\"elementor-spacer-inner\"><\/div>\n\t\t<\/div>\n\t\t\t\t\t\t<\/div>\n\t\t\t\t<\/div>\n\t\t\t\t\t<\/div>\n\t\t<\/div>\n\t\t\t\t\t<\/div>\n\t\t<\/section>\n\t\t\t\t<\/div>\n\t\t","protected":false},"excerpt":{"rendered":"<p>Volver al inicio Instrucci\u00f3n para los autores Misi\u00f3n de Beatrix La editorial Beatrix se ha dado la misi\u00f3n de difundir masivamente la\u00a0 producci\u00f3n escrita acad\u00e9mica de tem\u00e1ticas relacionadas con las Ciencias Sociales en general y, espec\u00edficamente, con el Trabajo Social, mediante la publicaci\u00f3n de escritos in\u00e9ditos u originales (investigaciones, tesis, informes y otros) preferentemente en [&hellip;]<\/p>\n","protected":false},"author":1,"featured_media":0,"parent":0,"menu_order":0,"comment_status":"closed","ping_status":"closed","template":"elementor_canvas","meta":{"footnotes":""},"class_list":["post-37","page","type-page","status-publish","hentry"],"_links":{"self":[{"href":"https:\/\/editorialbeatrix.com\/index.php\/wp-json\/wp\/v2\/pages\/37","targetHints":{"allow":["GET"]}}],"collection":[{"href":"https:\/\/editorialbeatrix.com\/index.php\/wp-json\/wp\/v2\/pages"}],"about":[{"href":"https:\/\/editorialbeatrix.com\/index.php\/wp-json\/wp\/v2\/types\/page"}],"author":[{"embeddable":true,"href":"https:\/\/editorialbeatrix.com\/index.php\/wp-json\/wp\/v2\/users\/1"}],"replies":[{"embeddable":true,"href":"https:\/\/editorialbeatrix.com\/index.php\/wp-json\/wp\/v2\/comments?post=37"}],"version-history":[{"count":21,"href":"https:\/\/editorialbeatrix.com\/index.php\/wp-json\/wp\/v2\/pages\/37\/revisions"}],"predecessor-version":[{"id":241,"href":"https:\/\/editorialbeatrix.com\/index.php\/wp-json\/wp\/v2\/pages\/37\/revisions\/241"}],"wp:attachment":[{"href":"https:\/\/editorialbeatrix.com\/index.php\/wp-json\/wp\/v2\/media?parent=37"}],"curies":[{"name":"wp","href":"https:\/\/api.w.org\/{rel}","templated":true}]}}